{"id":107,"date":"2023-08-13T14:34:08","date_gmt":"2023-08-13T14:34:08","guid":{"rendered":"https:\/\/melaniamontes.com\/?page_id=107"},"modified":"2023-08-13T14:34:08","modified_gmt":"2023-08-13T14:34:08","slug":"publications","status":"publish","type":"page","link":"https:\/\/melaniamontes.com\/en\/publications\/","title":{"rendered":"Publications"},"content":{"rendered":"\n<ul class=\"wp-block-list\">\n<li>Montes M, MacKenzie L, McAllister MJ, Roseweir A, McCall P, Hatziieremia S, Underwood MA, Boyd M, Paul A, Plevin R, MacKay SP, Edwards J. Determining the prognostic significance of IKK\u03b1 in prostate cancer. Prostate. 2020 Oct;80(14):1188-1202. doi: 10.1002\/pros.24045. Epub 2020 Jul 21. PMID: 33258506.\u00a0<\/li>\n\n\n\n<li>Sequeiros T, Rigau M, Chiva C, Montes M, Garcia-Grau I, Garcia M, Diaz S, Celma A, Bijnsdorp I, Campos A, Di Mauro P, Borr\u00f3s S, Revent\u00f3s J, Doll A, Paciucci R, Pegtel M, de Torres I, Sabid\u00f3 E, Morote J, Olivan M. Targeted proteomics in urinary extracellular vesicles identifies biomarkers for diagnosis and prognosis of prostate cancer. Oncotarget. 2017 Jan 17;8(3):4960-4976. doi: 10.18632\/oncotarget.13634. PMID: 27903962; PMCID: PMC5354884.\u00a0<\/li>\n\n\n\n<li>Montes M. MicroRNAs as predictors and therapy for prostate cancer: PhD Dissertation. Universitat Aut\u00f2noma de Barcelona. 2015. <a href=\"http:\/\/hdl.handle.net\/10803\/323366\" target=\"_blank\" rel=\"noreferrer noopener\">http:\/\/hdl.handle.net\/10803\/323366<\/a>\u00a0<\/li>\n\n\n\n<li>Olivan M, Rigau M, Col\u00e1s E, Garcia M, Montes M, Sequeiros T, Regis L, Celma A, Planas J, Placer J, Revent\u00f3s J, de Torres I, Doll A, Morote J. Simultaneous treatment with statins and aspirin reduces the risk of prostate cancer detection and tumorigenic properties in prostate cancer cell lines. Biomed Res Int. 2015;2015:762178. doi: 10.1155\/2015\/762178. Epub 2015 Jan 12. PMID: 25649906; PMCID: PMC4306438.\u00a0<\/li>\n\n\n\n<li>Sequeiros T, Bastar\u00f3s JM, S\u00e1nchez M, Rigau M, Montes M, Placer J, Planas J, de Torres I, Revent\u00f3s J, Pegtel DM, Doll A, Morote J, Olivan M. Urinary biomarkers for the detection of prostate cancer in patients with high-grade prostatic intraepithelial neoplasia. Prostate. 2015 Jul 1;75(10):1102-13. doi: 10.1002\/pros.22995. Epub 2015 Apr 1. PMID: 25845829.\u00a0<\/li>\n\n\n\n<li>Doll A, Garc\u00eda M, Rigau M, Olivan M, Montes M, Sequeiros T, Llaurado M, Col\u00e1s E, Revent\u00f3s J, Morote J. Biolog\u00eda molecular de las met\u00e1stasis \u00f3seas [Molecular biology of bone metastases]. Arch Esp Urol. 2013 Jun;66(5):463-74. Spanish. PMID: 23793764.\u00a0<\/li>\n\n\n\n<li>Sequeiros T, Garc\u00eda M, Montes M, Oliv\u00e1n M, Rigau M, Col\u00e1s E, de Torres I, Morote J, Revent\u00f3s J, Doll A. Molecular markers for prostate cancer in formalin-fixed paraffin-embedded tissues. Biomed Res Int. 2013;2013:283635. doi: 10.1155\/2013\/283635. Epub 2013 Nov 25. PMID: 24371818; PMCID: PMC3859157.\u00a0<\/li>\n\n\n\n<li>Rigau M, Olivan M, Garcia M, Sequeiros T, Montes M, Col\u00e1s E, Llaurad\u00f3 M, Planas J, Torres Id, Morote J, Cooper C, Revent\u00f3s J, Clark J, Doll A. The present and future of prostate cancer urine biomarkers. Int J Mol Sci. 2013 Jun 17;14(6):12620-49. doi: 10.3390\/ijms140612620. PMID: 23774836; PMCID: PMC3709804.\u00a0<\/li>\n\n\n\n<li>Llaurad\u00f3 M, Ruiz A, Majem B, Ertekin T, Col\u00e1s E, Pedrola N, Devis L, Rigau M, Sequeiros T, Montes M, Garcia M, Cabrera S, Gil-Moreno A, Xercavins J, Castellv\u00ed J, Garcia A, Ram\u00f3n y Cajal S, Moreno G, Alameda F, V\u00e1zquez-Levin M, Palacios J, Prat J, Doll A, Mat\u00edas-Guiu X, Abal M, Revent\u00f3s J. Molecular bases of endometrial cancer: new roles for new actors in the diagnosis and the therapy of the disease. Mol Cell Endocrinol. 2012 Jul 25;358(2):244-55. doi: 10.1016\/j.mce.2011.10.003. Epub 2011 Oct 20. PMID: 22037169.\u00a0<\/li>\n\n\n\n<li>Rigau M, Ortega I, Mir MC, Ballesteros C, Garcia M, Llaurad\u00f3 M, Col\u00e1s E, Pedrola N, Montes M, Sequeiros T, Ertekin T, Majem B, Planas J, Ruiz A, Abal M, S\u00e1nchez A, Morote J, Revent\u00f3s J, Doll A. A three-gene panel on urine increases PSA specificity in the detection of prostate cancer. Prostate. 2011 Dec;71(16):1736-45. doi: 10.1002\/pros.21390. Epub 2011 Apr 25. PMID: 21520154.\u00a0<\/li>\n\n\n\n<li>Colas E, Perez C, Cabrera S, Pedrola N, Monge M, Castellvi J, Eyzaguirre F, Gregorio J, Ruiz A, Llaurado M, Rigau M, Garcia M, Ertekin T, Montes M, Lopez-Lopez R, Carreras R, Xercavins J, Ortega A, Maes T, Rosell E, Doll A, Abal M, Reventos J, Gil-Moreno A. Molecular markers of endometrial carcinoma detected in uterine aspirates. Int J Cancer. 2011 Nov 15;129(10):2435-44. doi: 10.1002\/ijc.25901. Epub 2011 Apr 8. Erratum in: Int J Cancer. 2012 Jun 15;130(12):E4. PMID: 21207424.\u00a0<\/li>\n<\/ul>\n","protected":false},"excerpt":{"rendered":"","protected":false},"author":1,"featured_media":0,"parent":0,"menu_order":0,"comment_status":"closed","ping_status":"closed","template":"","meta":{"nf_dc_page":"","om_disable_all_campaigns":false,"footnotes":""},"class_list":["post-107","page","type-page","status-publish","hentry"],"yoast_head":"<!-- This site is optimized with the Yoast SEO plugin v27.4 - https:\/\/yoast.com\/product\/yoast-seo-wordpress\/ -->\n<title>Publications -<\/title>\n<meta name=\"robots\" content=\"index, follow, max-snippet:-1, max-image-preview:large, max-video-preview:-1\" \/>\n<link rel=\"canonical\" href=\"https:\/\/melaniamontes.com\/en\/publications\/\" \/>\n<meta property=\"og:locale\" content=\"en_US\" \/>\n<meta property=\"og:type\" content=\"article\" \/>\n<meta property=\"og:title\" content=\"Publications -\" \/>\n<meta property=\"og:url\" content=\"https:\/\/melaniamontes.com\/en\/publications\/\" \/>\n<meta name=\"twitter:card\" content=\"summary_large_image\" \/>\n<meta name=\"twitter:label1\" content=\"Est. reading time\" \/>\n\t<meta name=\"twitter:data1\" content=\"3 minutes\" \/>\n<script type=\"application\/ld+json\" class=\"yoast-schema-graph\">{\"@context\":\"https:\\\/\\\/schema.org\",\"@graph\":[{\"@type\":\"WebPage\",\"@id\":\"https:\\\/\\\/melaniamontes.com\\\/publications\\\/\",\"url\":\"https:\\\/\\\/melaniamontes.com\\\/publications\\\/\",\"name\":\"Publications -\",\"isPartOf\":{\"@id\":\"https:\\\/\\\/melaniamontes.com\\\/#website\"},\"datePublished\":\"2023-08-13T14:34:08+00:00\",\"breadcrumb\":{\"@id\":\"https:\\\/\\\/melaniamontes.com\\\/publications\\\/#breadcrumb\"},\"inLanguage\":\"en-US\",\"potentialAction\":[{\"@type\":\"ReadAction\",\"target\":[\"https:\\\/\\\/melaniamontes.com\\\/publications\\\/\"]}]},{\"@type\":\"BreadcrumbList\",\"@id\":\"https:\\\/\\\/melaniamontes.com\\\/publications\\\/#breadcrumb\",\"itemListElement\":[{\"@type\":\"ListItem\",\"position\":1,\"name\":\"Home\",\"item\":\"https:\\\/\\\/melaniamontes.com\\\/\"},{\"@type\":\"ListItem\",\"position\":2,\"name\":\"Publications\"}]},{\"@type\":\"WebSite\",\"@id\":\"https:\\\/\\\/melaniamontes.com\\\/#website\",\"url\":\"https:\\\/\\\/melaniamontes.com\\\/\",\"name\":\"\",\"description\":\"\",\"publisher\":{\"@id\":\"https:\\\/\\\/melaniamontes.com\\\/#\\\/schema\\\/person\\\/0d0446bb71f90afa0bf29bc69e0672e9\"},\"potentialAction\":[{\"@type\":\"SearchAction\",\"target\":{\"@type\":\"EntryPoint\",\"urlTemplate\":\"https:\\\/\\\/melaniamontes.com\\\/?s={search_term_string}\"},\"query-input\":{\"@type\":\"PropertyValueSpecification\",\"valueRequired\":true,\"valueName\":\"search_term_string\"}}],\"inLanguage\":\"en-US\"},{\"@type\":[\"Person\",\"Organization\"],\"@id\":\"https:\\\/\\\/melaniamontes.com\\\/#\\\/schema\\\/person\\\/0d0446bb71f90afa0bf29bc69e0672e9\",\"name\":\"Melania Montes\",\"image\":{\"@type\":\"ImageObject\",\"inLanguage\":\"en-US\",\"@id\":\"https:\\\/\\\/secure.gravatar.com\\\/avatar\\\/f7c5279a4f4baa42fffebbad7cddca7591d835bf08f213309bf158648c0f9992?s=96&d=mm&r=g\",\"url\":\"https:\\\/\\\/secure.gravatar.com\\\/avatar\\\/f7c5279a4f4baa42fffebbad7cddca7591d835bf08f213309bf158648c0f9992?s=96&d=mm&r=g\",\"contentUrl\":\"https:\\\/\\\/secure.gravatar.com\\\/avatar\\\/f7c5279a4f4baa42fffebbad7cddca7591d835bf08f213309bf158648c0f9992?s=96&d=mm&r=g\",\"caption\":\"Melania Montes\"},\"logo\":{\"@id\":\"https:\\\/\\\/secure.gravatar.com\\\/avatar\\\/f7c5279a4f4baa42fffebbad7cddca7591d835bf08f213309bf158648c0f9992?s=96&d=mm&r=g\"}}]}<\/script>\n<!-- \/ Yoast SEO plugin. -->","yoast_head_json":{"title":"Publications -","robots":{"index":"index","follow":"follow","max-snippet":"max-snippet:-1","max-image-preview":"max-image-preview:large","max-video-preview":"max-video-preview:-1"},"canonical":"https:\/\/melaniamontes.com\/en\/publications\/","og_locale":"en_US","og_type":"article","og_title":"Publications -","og_url":"https:\/\/melaniamontes.com\/en\/publications\/","twitter_card":"summary_large_image","twitter_misc":{"Est. reading time":"3 minutes"},"schema":{"@context":"https:\/\/schema.org","@graph":[{"@type":"WebPage","@id":"https:\/\/melaniamontes.com\/publications\/","url":"https:\/\/melaniamontes.com\/publications\/","name":"Publications -","isPartOf":{"@id":"https:\/\/melaniamontes.com\/#website"},"datePublished":"2023-08-13T14:34:08+00:00","breadcrumb":{"@id":"https:\/\/melaniamontes.com\/publications\/#breadcrumb"},"inLanguage":"en-US","potentialAction":[{"@type":"ReadAction","target":["https:\/\/melaniamontes.com\/publications\/"]}]},{"@type":"BreadcrumbList","@id":"https:\/\/melaniamontes.com\/publications\/#breadcrumb","itemListElement":[{"@type":"ListItem","position":1,"name":"Home","item":"https:\/\/melaniamontes.com\/"},{"@type":"ListItem","position":2,"name":"Publications"}]},{"@type":"WebSite","@id":"https:\/\/melaniamontes.com\/#website","url":"https:\/\/melaniamontes.com\/","name":"","description":"","publisher":{"@id":"https:\/\/melaniamontes.com\/#\/schema\/person\/0d0446bb71f90afa0bf29bc69e0672e9"},"potentialAction":[{"@type":"SearchAction","target":{"@type":"EntryPoint","urlTemplate":"https:\/\/melaniamontes.com\/?s={search_term_string}"},"query-input":{"@type":"PropertyValueSpecification","valueRequired":true,"valueName":"search_term_string"}}],"inLanguage":"en-US"},{"@type":["Person","Organization"],"@id":"https:\/\/melaniamontes.com\/#\/schema\/person\/0d0446bb71f90afa0bf29bc69e0672e9","name":"Melania Montes","image":{"@type":"ImageObject","inLanguage":"en-US","@id":"https:\/\/secure.gravatar.com\/avatar\/f7c5279a4f4baa42fffebbad7cddca7591d835bf08f213309bf158648c0f9992?s=96&d=mm&r=g","url":"https:\/\/secure.gravatar.com\/avatar\/f7c5279a4f4baa42fffebbad7cddca7591d835bf08f213309bf158648c0f9992?s=96&d=mm&r=g","contentUrl":"https:\/\/secure.gravatar.com\/avatar\/f7c5279a4f4baa42fffebbad7cddca7591d835bf08f213309bf158648c0f9992?s=96&d=mm&r=g","caption":"Melania Montes"},"logo":{"@id":"https:\/\/secure.gravatar.com\/avatar\/f7c5279a4f4baa42fffebbad7cddca7591d835bf08f213309bf158648c0f9992?s=96&d=mm&r=g"}}]}},"jetpack_sharing_enabled":true,"_links":{"self":[{"href":"https:\/\/melaniamontes.com\/en\/wp-json\/wp\/v2\/pages\/107","targetHints":{"allow":["GET"]}}],"collection":[{"href":"https:\/\/melaniamontes.com\/en\/wp-json\/wp\/v2\/pages"}],"about":[{"href":"https:\/\/melaniamontes.com\/en\/wp-json\/wp\/v2\/types\/page"}],"author":[{"embeddable":true,"href":"https:\/\/melaniamontes.com\/en\/wp-json\/wp\/v2\/users\/1"}],"replies":[{"embeddable":true,"href":"https:\/\/melaniamontes.com\/en\/wp-json\/wp\/v2\/comments?post=107"}],"version-history":[{"count":1,"href":"https:\/\/melaniamontes.com\/en\/wp-json\/wp\/v2\/pages\/107\/revisions"}],"predecessor-version":[{"id":108,"href":"https:\/\/melaniamontes.com\/en\/wp-json\/wp\/v2\/pages\/107\/revisions\/108"}],"wp:attachment":[{"href":"https:\/\/melaniamontes.com\/en\/wp-json\/wp\/v2\/media?parent=107"}],"curies":[{"name":"wp","href":"https:\/\/api.w.org\/{rel}","templated":true}]}}